{"id":170,"date":"2021-08-23T18:06:09","date_gmt":"2021-08-23T16:06:09","guid":{"rendered":"http:\/\/spkrauszow.ugnowytarg.pl\/?page_id=170"},"modified":"2025-09-12T18:35:08","modified_gmt":"2025-09-12T16:35:08","slug":"covid-19","status":"publish","type":"page","link":"https:\/\/spkrauszow.ugnowytarg.pl\/index.php\/covid-19\/","title":{"rendered":"COVID-19"},"content":{"rendered":"<blockquote>\n<h3 style=\"text-align: center;\"><a href=\"https:\/\/spkrauszow.ugnowytarg.pl\/wp-content\/uploads\/2025\/09\/Procedura_18_stycznia_2021-Covid-19.pdf\"><b>Wewn\u0119trzna procedura bezpiecze\u0144stwa\u00a0 obowi\u0105zuj\u0105ca<br \/>\nna terenie\u00a0Szko\u0142y Podstawowej im. \u015bw. S. Kostki w Krauszowie<br \/>\nw okresie organizowania w trakcie pandemii koronawirusa COVID-19<\/b><\/a><\/h3>\n<h5 style=\"text-align: center;\"><span style=\"font-size: 12pt;\"><b>(aktualizacja na dzie\u0144 18 stycznia 2021 r.)<\/b><\/span><\/h5>\n<\/blockquote>\n<p>&nbsp;<\/p>\n<p><strong>Za\u0142\u0105czniki do procedury bezpiecze\u0144stwa:<\/strong><\/p>\n<ul>\n<li style=\"list-style-type: none;\">\n<ul>\n<li><a href=\"https:\/\/spkrauszow.ugnowytarg.pl\/wp-content\/uploads\/2025\/09\/Zalacznik-nr-1-01.09.2021.pdf\">Za\u0142\u0105cznik nr 1<\/a><\/li>\n<\/ul>\n<\/li>\n<li style=\"list-style-type: none;\">\n<ul>\n<li><a href=\"https:\/\/spkrauszow.ugnowytarg.pl\/wp-content\/uploads\/2025\/09\/Zalacznik-nr-2-01.09.2021.pdf\">Za\u0142\u0105cznik nr 2<\/a><\/li>\n<\/ul>\n<\/li>\n<li style=\"list-style-type: none;\">\n<ul>\n<li><a href=\"https:\/\/spkrauszow.ugnowytarg.pl\/wp-content\/uploads\/2025\/09\/Zalacznik-nr-3-01.09.2021-1.pdf\">Za\u0142\u0105cznik nr 3<\/a><\/li>\n<\/ul>\n<\/li>\n<li style=\"list-style-type: none;\">\n<ul>\n<li><a href=\"https:\/\/spkrauszow.ugnowytarg.pl\/wp-content\/uploads\/2025\/09\/Zalacznik-nr-4-01.09.2021.pdf\">Za\u0142\u0105cznik nr 4<\/a><\/li>\n<\/ul>\n<\/li>\n<li style=\"list-style-type: none;\">\n<ul>\n<li><a href=\"https:\/\/spkrauszow.ugnowytarg.pl\/wp-content\/uploads\/2025\/09\/Zalacznik-nr-5-01.09.2020.pdf\">Za\u0142\u0105cznik nr 5<\/a><\/li>\n<\/ul>\n<\/li>\n<li style=\"list-style-type: none;\">\n<ul>\n<li><a href=\"https:\/\/spkrauszow.ugnowytarg.pl\/wp-content\/uploads\/2025\/09\/Zalacznik-nr-6-01.09.2020-1.pdf\">Za\u0142\u0105cznik nr 6<\/a><\/li>\n<\/ul>\n<\/li>\n<li style=\"list-style-type: none;\">\n<ul>\n<li><a href=\"https:\/\/spkrauszow.ugnowytarg.pl\/wp-content\/uploads\/2025\/09\/Zalacznik-nr-7-01.09.2020-2.png\">Za\u0142\u0105cznik nr 7<\/a><\/li>\n<\/ul>\n<\/li>\n<li style=\"list-style-type: none;\">\n<ul>\n<li><a href=\"https:\/\/spkrauszow.ugnowytarg.pl\/wp-content\/uploads\/2025\/09\/Zalacznik-nr-8-01.09.2020.pdf\">Za\u0142\u0105cznik nr 8<\/a><\/li>\n<\/ul>\n<\/li>\n<\/ul>\n","protected":false},"excerpt":{"rendered":"<p>Wewn\u0119trzna procedura bezpiecze\u0144stwa\u00a0 obowi\u0105zuj\u0105ca na terenie\u00a0Szko\u0142y Podstawowej im. \u015bw. S. Kostki w Krauszowie w okresie organizowania w trakcie pandemii koronawirusa COVID-19 (aktualizacja na dzie\u0144 18 stycznia 2021 r.) &nbsp; Za\u0142\u0105czniki do procedury bezpiecze\u0144stwa: Za\u0142\u0105cznik nr 1 Za\u0142\u0105cznik nr 2 Za\u0142\u0105cznik <a href=\"https:\/\/spkrauszow.ugnowytarg.pl\/index.php\/covid-19\/\" class=\"read-more\">Czytaj wi\u0119cej &#8230;<\/a><\/p>\n","protected":false},"author":1,"featured_media":0,"parent":0,"menu_order":0,"comment_status":"closed","ping_status":"closed","template":"","meta":[],"yoast_head":"<!-- This site is optimized with the Yoast SEO plugin v20.4 - https:\/\/yoast.com\/wordpress\/plugins\/seo\/ -->\n<title>COVID-19 - SP KRAUSZ\u00d3W<\/title>\n<meta name=\"robots\" content=\"index, follow, max-snippet:-1, max-image-preview:large, max-video-preview:-1\" \/>\n<link rel=\"canonical\" href=\"https:\/\/spkrauszow.ugnowytarg.pl\/index.php\/covid-19\/\" \/>\n<meta property=\"og:locale\" content=\"pl_PL\" \/>\n<meta property=\"og:type\" content=\"article\" \/>\n<meta property=\"og:title\" content=\"COVID-19 - SP KRAUSZ\u00d3W\" \/>\n<meta property=\"og:description\" content=\"Wewn\u0119trzna procedura bezpiecze\u0144stwa\u00a0 obowi\u0105zuj\u0105ca na terenie\u00a0Szko\u0142y Podstawowej im. \u015bw. S. Kostki w Krauszowie w okresie organizowania w trakcie pandemii koronawirusa COVID-19 (aktualizacja na dzie\u0144 18 stycznia 2021 r.) &nbsp; Za\u0142\u0105czniki do procedury bezpiecze\u0144stwa: Za\u0142\u0105cznik nr 1 Za\u0142\u0105cznik nr 2 Za\u0142\u0105cznik Czytaj wi\u0119cej ...\" \/>\n<meta property=\"og:url\" content=\"https:\/\/spkrauszow.ugnowytarg.pl\/index.php\/covid-19\/\" \/>\n<meta property=\"og:site_name\" content=\"SP KRAUSZ\u00d3W\" \/>\n<meta property=\"article:modified_time\" content=\"2025-09-12T16:35:08+00:00\" \/>\n<meta name=\"twitter:card\" content=\"summary_large_image\" \/>\n<meta name=\"twitter:label1\" content=\"Szacowany czas czytania\" \/>\n\t<meta name=\"twitter:data1\" content=\"1 minuta\" \/>\n<script type=\"application\/ld+json\" class=\"yoast-schema-graph\">{\"@context\":\"https:\/\/schema.org\",\"@graph\":[{\"@type\":\"WebPage\",\"@id\":\"https:\/\/spkrauszow.ugnowytarg.pl\/index.php\/covid-19\/\",\"url\":\"https:\/\/spkrauszow.ugnowytarg.pl\/index.php\/covid-19\/\",\"name\":\"COVID-19 - SP KRAUSZ\u00d3W\",\"isPartOf\":{\"@id\":\"https:\/\/spkrauszow.ugnowytarg.pl\/#website\"},\"datePublished\":\"2021-08-23T16:06:09+00:00\",\"dateModified\":\"2025-09-12T16:35:08+00:00\",\"breadcrumb\":{\"@id\":\"https:\/\/spkrauszow.ugnowytarg.pl\/index.php\/covid-19\/#breadcrumb\"},\"inLanguage\":\"pl-PL\",\"potentialAction\":[{\"@type\":\"ReadAction\",\"target\":[\"https:\/\/spkrauszow.ugnowytarg.pl\/index.php\/covid-19\/\"]}]},{\"@type\":\"BreadcrumbList\",\"@id\":\"https:\/\/spkrauszow.ugnowytarg.pl\/index.php\/covid-19\/#breadcrumb\",\"itemListElement\":[{\"@type\":\"ListItem\",\"position\":1,\"name\":\"Strona g\u0142\u00f3wna\",\"item\":\"https:\/\/spkrauszow.ugnowytarg.pl\/\"},{\"@type\":\"ListItem\",\"position\":2,\"name\":\"COVID-19\"}]},{\"@type\":\"WebSite\",\"@id\":\"https:\/\/spkrauszow.ugnowytarg.pl\/#website\",\"url\":\"https:\/\/spkrauszow.ugnowytarg.pl\/\",\"name\":\"SP KRAUSZ\u00d3W\",\"description\":\"\",\"potentialAction\":[{\"@type\":\"SearchAction\",\"target\":{\"@type\":\"EntryPoint\",\"urlTemplate\":\"https:\/\/spkrauszow.ugnowytarg.pl\/?s={search_term_string}\"},\"query-input\":\"required name=search_term_string\"}],\"inLanguage\":\"pl-PL\"}]}<\/script>\n<!-- \/ Yoast SEO plugin. -->","yoast_head_json":{"title":"COVID-19 - SP KRAUSZ\u00d3W","robots":{"index":"index","follow":"follow","max-snippet":"max-snippet:-1","max-image-preview":"max-image-preview:large","max-video-preview":"max-video-preview:-1"},"canonical":"https:\/\/spkrauszow.ugnowytarg.pl\/index.php\/covid-19\/","og_locale":"pl_PL","og_type":"article","og_title":"COVID-19 - SP KRAUSZ\u00d3W","og_description":"Wewn\u0119trzna procedura bezpiecze\u0144stwa\u00a0 obowi\u0105zuj\u0105ca na terenie\u00a0Szko\u0142y Podstawowej im. \u015bw. S. Kostki w Krauszowie w okresie organizowania w trakcie pandemii koronawirusa COVID-19 (aktualizacja na dzie\u0144 18 stycznia 2021 r.) &nbsp; Za\u0142\u0105czniki do procedury bezpiecze\u0144stwa: Za\u0142\u0105cznik nr 1 Za\u0142\u0105cznik nr 2 Za\u0142\u0105cznik Czytaj wi\u0119cej ...","og_url":"https:\/\/spkrauszow.ugnowytarg.pl\/index.php\/covid-19\/","og_site_name":"SP KRAUSZ\u00d3W","article_modified_time":"2025-09-12T16:35:08+00:00","twitter_card":"summary_large_image","twitter_misc":{"Szacowany czas czytania":"1 minuta"},"schema":{"@context":"https:\/\/schema.org","@graph":[{"@type":"WebPage","@id":"https:\/\/spkrauszow.ugnowytarg.pl\/index.php\/covid-19\/","url":"https:\/\/spkrauszow.ugnowytarg.pl\/index.php\/covid-19\/","name":"COVID-19 - SP KRAUSZ\u00d3W","isPartOf":{"@id":"https:\/\/spkrauszow.ugnowytarg.pl\/#website"},"datePublished":"2021-08-23T16:06:09+00:00","dateModified":"2025-09-12T16:35:08+00:00","breadcrumb":{"@id":"https:\/\/spkrauszow.ugnowytarg.pl\/index.php\/covid-19\/#breadcrumb"},"inLanguage":"pl-PL","potentialAction":[{"@type":"ReadAction","target":["https:\/\/spkrauszow.ugnowytarg.pl\/index.php\/covid-19\/"]}]},{"@type":"BreadcrumbList","@id":"https:\/\/spkrauszow.ugnowytarg.pl\/index.php\/covid-19\/#breadcrumb","itemListElement":[{"@type":"ListItem","position":1,"name":"Strona g\u0142\u00f3wna","item":"https:\/\/spkrauszow.ugnowytarg.pl\/"},{"@type":"ListItem","position":2,"name":"COVID-19"}]},{"@type":"WebSite","@id":"https:\/\/spkrauszow.ugnowytarg.pl\/#website","url":"https:\/\/spkrauszow.ugnowytarg.pl\/","name":"SP KRAUSZ\u00d3W","description":"","potentialAction":[{"@type":"SearchAction","target":{"@type":"EntryPoint","urlTemplate":"https:\/\/spkrauszow.ugnowytarg.pl\/?s={search_term_string}"},"query-input":"required name=search_term_string"}],"inLanguage":"pl-PL"}]}},"_links":{"self":[{"href":"https:\/\/spkrauszow.ugnowytarg.pl\/index.php\/wp-json\/wp\/v2\/pages\/170"}],"collection":[{"href":"https:\/\/spkrauszow.ugnowytarg.pl\/index.php\/wp-json\/wp\/v2\/pages"}],"about":[{"href":"https:\/\/spkrauszow.ugnowytarg.pl\/index.php\/wp-json\/wp\/v2\/types\/page"}],"author":[{"embeddable":true,"href":"https:\/\/spkrauszow.ugnowytarg.pl\/index.php\/wp-json\/wp\/v2\/users\/1"}],"replies":[{"embeddable":true,"href":"https:\/\/spkrauszow.ugnowytarg.pl\/index.php\/wp-json\/wp\/v2\/comments?post=170"}],"version-history":[{"count":8,"href":"https:\/\/spkrauszow.ugnowytarg.pl\/index.php\/wp-json\/wp\/v2\/pages\/170\/revisions"}],"predecessor-version":[{"id":378,"href":"https:\/\/spkrauszow.ugnowytarg.pl\/index.php\/wp-json\/wp\/v2\/pages\/170\/revisions\/378"}],"wp:attachment":[{"href":"https:\/\/spkrauszow.ugnowytarg.pl\/index.php\/wp-json\/wp\/v2\/media?parent=170"}],"curies":[{"name":"wp","href":"https:\/\/api.w.org\/{rel}","templated":true}]}}