{"id":168,"date":"2021-08-23T18:05:48","date_gmt":"2021-08-23T16:05:48","guid":{"rendered":"http:\/\/spkrauszow.ugnowytarg.pl\/?page_id=168"},"modified":"2025-09-30T18:47:45","modified_gmt":"2025-09-30T16:47:45","slug":"wymagania-edukacyjne","status":"publish","type":"page","link":"https:\/\/spkrauszow.ugnowytarg.pl\/index.php\/wymagania-edukacyjne\/","title":{"rendered":"Wymagania edukacyjne"},"content":{"rendered":"<h3><strong>Warunki i tryb uzyskania wy\u017cszej ni\u017c przewidywana rocznej oceny klasyfikacyjnej:<\/strong><\/h3>\n<h3 style=\"text-align: center;\"><a href=\"https:\/\/spkrauszow.ugnowytarg.pl\/wp-content\/uploads\/2025\/09\/Warunki-i-tryb-uzyskania-oceny-wyzszej-niz-przewidywana-zapis-ze-statutu-szkoly.pdf\" target=\"_blank\" rel=\"noopener\"><strong><span style=\"color: #000080;\">POBIERZ<\/span><\/strong><\/a><\/h3>\n<p>&nbsp;<\/p>\n<h3><strong>Wymagania edukacyjne z poszczeg\u00f3lnych przedmiot\u00f3w:<\/strong><\/h3>\n<ul>\n<li><strong>Edukacja wczesnoszkolna<\/strong><\/li>\n<\/ul>\n<p style=\"text-align: center;\"><a href=\"https:\/\/spkrauszow.ugnowytarg.pl\/wp-content\/uploads\/2025\/09\/edukacja-wczesnoszkolna-klasa-1.pdf\" target=\"_blank\" rel=\"noopener\">Klasa I<\/a>\u00a0\u00a0\u00a0\u00a0\u00a0\u00a0\u00a0\u00a0\u00a0 <a href=\"https:\/\/spkrauszow.ugnowytarg.pl\/wp-content\/uploads\/2025\/09\/edukacja-wczesnoszkolna-klasa-2.pdf\" target=\"_blank\" rel=\"noopener\">Klasa II\u00a0<\/a>\u00a0\u00a0\u00a0\u00a0\u00a0\u00a0\u00a0\u00a0 <a href=\"https:\/\/spkrauszow.ugnowytarg.pl\/wp-content\/uploads\/2025\/09\/edukacja-wczesnoszkolna-klasa-3.pdf\" target=\"_blank\" rel=\"noopener\">Klasa III<\/a><\/p>\n<hr \/>\n<ul>\n<li><strong>Religia<\/strong><\/li>\n<\/ul>\n<p style=\"text-align: center;\"><a href=\"https:\/\/spkrauszow.ugnowytarg.pl\/wp-content\/uploads\/2025\/09\/religia-klasa-1.pdf\" target=\"_blank\" rel=\"noopener\">Klasa I\u00a0\u00a0<\/a>\u00a0\u00a0\u00a0\u00a0\u00a0\u00a0\u00a0 <a href=\"https:\/\/spkrauszow.ugnowytarg.pl\/wp-content\/uploads\/2025\/09\/religia-klasa-2.pdf\" target=\"_blank\" rel=\"noopener\">Klasa II<\/a>\u00a0\u00a0\u00a0\u00a0\u00a0\u00a0\u00a0\u00a0\u00a0 <a href=\"https:\/\/spkrauszow.ugnowytarg.pl\/wp-content\/uploads\/2025\/09\/religia-klasa-3.pdf\" target=\"_blank\" rel=\"noopener\">Klasa III<\/a> \u00a0\u00a0\u00a0\u00a0\u00a0\u00a0\u00a0\u00a0 <a href=\"https:\/\/spkrauszow.ugnowytarg.pl\/wp-content\/uploads\/2025\/09\/religia-klasa-4.pdf\" target=\"_blank\" rel=\"noopener\">Klasa IV<\/a> \u00a0\u00a0\u00a0\u00a0\u00a0\u00a0\u00a0\u00a0 <a href=\"https:\/\/spkrauszow.ugnowytarg.pl\/wp-content\/uploads\/2025\/09\/religia-klasa-5.pdf\" target=\"_blank\" rel=\"noopener\">Klasa V<\/a> \u00a0\u00a0\u00a0\u00a0\u00a0\u00a0\u00a0\u00a0 <a href=\"https:\/\/spkrauszow.ugnowytarg.pl\/wp-content\/uploads\/2025\/09\/religia-klasa-6.pdf\" target=\"_blank\" rel=\"noopener\">Klasa VI<\/a> \u00a0\u00a0\u00a0\u00a0\u00a0\u00a0\u00a0\u00a0 <a href=\"https:\/\/spkrauszow.ugnowytarg.pl\/wp-content\/uploads\/2025\/09\/religia-klasa-7.pdf\" target=\"_blank\" rel=\"noopener\">Klasa VII<\/a> \u00a0\u00a0\u00a0\u00a0\u00a0\u00a0\u00a0\u00a0 <a href=\"https:\/\/spkrauszow.ugnowytarg.pl\/wp-content\/uploads\/2025\/09\/religia-klasa-8.pdf\" target=\"_blank\" rel=\"noopener\">Klasa VIII<\/a><\/p>\n<hr \/>\n<ul>\n<li><strong>J\u0119zyk polski<\/strong><\/li>\n<\/ul>\n<p style=\"text-align: center;\"><a href=\"https:\/\/spkrauszow.ugnowytarg.pl\/wp-content\/uploads\/2025\/09\/jezyk-polski-kl-4-7-8.pdf\" target=\"_blank\" rel=\"noopener\">Klasa IV<\/a> \u00a0\u00a0\u00a0\u00a0\u00a0\u00a0\u00a0\u00a0 <a href=\"https:\/\/spkrauszow.ugnowytarg.pl\/wp-content\/uploads\/2025\/09\/jezyk-polski-klasa-5.pdf\" target=\"_blank\" rel=\"noopener\">Klasa V<\/a> \u00a0\u00a0\u00a0\u00a0\u00a0\u00a0\u00a0\u00a0 <a href=\"https:\/\/spkrauszow.ugnowytarg.pl\/wp-content\/uploads\/2025\/09\/jezyk-polski-klasa-6.pdf\" target=\"_blank\" rel=\"noopener\">Klasa VI<\/a> \u00a0\u00a0\u00a0\u00a0\u00a0\u00a0\u00a0\u00a0 <a href=\"https:\/\/spkrauszow.ugnowytarg.pl\/wp-content\/uploads\/2025\/09\/jezyk-polski-kl-4-7-8.pdf\" target=\"_blank\" rel=\"noopener\">Klasa VII<\/a> \u00a0\u00a0\u00a0\u00a0\u00a0\u00a0\u00a0\u00a0 <a href=\"https:\/\/spkrauszow.ugnowytarg.pl\/wp-content\/uploads\/2025\/09\/jezyk-polski-kl-4-7-8.pdf\" target=\"_blank\" rel=\"noopener\">Klasa VIII<\/a><\/p>\n<hr \/>\n<ul>\n<li><strong>Historia<\/strong><\/li>\n<\/ul>\n<p style=\"text-align: center;\"><a href=\"https:\/\/spkrauszow.ugnowytarg.pl\/wp-content\/uploads\/2025\/09\/historia-klasa-4.pdf\">Klasa IV<\/a> \u00a0\u00a0\u00a0\u00a0\u00a0\u00a0\u00a0\u00a0 <a href=\"https:\/\/spkrauszow.ugnowytarg.pl\/wp-content\/uploads\/2025\/09\/historia-klasa-5.pdf\">Klasa V<\/a> \u00a0\u00a0\u00a0\u00a0\u00a0\u00a0\u00a0\u00a0 <a href=\"https:\/\/spkrauszow.ugnowytarg.pl\/wp-content\/uploads\/2025\/09\/historia-klasa-6.pdf\">Klasa VI<\/a> \u00a0\u00a0\u00a0\u00a0\u00a0\u00a0\u00a0\u00a0 <a href=\"https:\/\/spkrauszow.ugnowytarg.pl\/wp-content\/uploads\/2025\/09\/historia-klasa-7.pdf\">Klasa VII<\/a> \u00a0\u00a0\u00a0\u00a0\u00a0\u00a0\u00a0\u00a0 <a href=\"https:\/\/spkrauszow.ugnowytarg.pl\/wp-content\/uploads\/2025\/09\/historia-klasa-8.pdf\">Klasa VIII<\/a><\/p>\n<hr \/>\n<ul>\n<li><strong>J\u0119zyk angielski<\/strong><\/li>\n<\/ul>\n<p style=\"text-align: center;\"><a href=\"https:\/\/spkrauszow.ugnowytarg.pl\/wp-content\/uploads\/2025\/09\/jezyk-angielski-klasa-1.pdf\" target=\"_blank\" rel=\"noopener\">Klasa I<\/a>\u00a0\u00a0\u00a0\u00a0\u00a0\u00a0\u00a0\u00a0\u00a0 <a href=\"https:\/\/spkrauszow.ugnowytarg.pl\/wp-content\/uploads\/2025\/09\/jezyk-angielski-klasa-2.pdf\" target=\"_blank\" rel=\"noopener\">Klasa II<\/a>\u00a0\u00a0\u00a0\u00a0\u00a0\u00a0\u00a0\u00a0\u00a0 <a href=\"https:\/\/spkrauszow.ugnowytarg.pl\/wp-content\/uploads\/2025\/09\/jezyk-angielski-klasa-3.pdf\" target=\"_blank\" rel=\"noopener\">Klasa III<\/a> \u00a0\u00a0\u00a0\u00a0\u00a0\u00a0\u00a0\u00a0 <a href=\"https:\/\/spkrauszow.ugnowytarg.pl\/wp-content\/uploads\/2025\/09\/jezyk-angielski-klasa-4.pdf\" target=\"_blank\" rel=\"noopener\">Klasa IV<\/a> \u00a0\u00a0\u00a0\u00a0\u00a0\u00a0\u00a0\u00a0 <a href=\"https:\/\/spkrauszow.ugnowytarg.pl\/wp-content\/uploads\/2025\/09\/jezyk-angielski-klasa-5.pdf\" target=\"_blank\" rel=\"noopener\">Klasa V<\/a> \u00a0\u00a0\u00a0\u00a0\u00a0\u00a0\u00a0\u00a0 <a href=\"https:\/\/spkrauszow.ugnowytarg.pl\/wp-content\/uploads\/2025\/09\/jezyk-angielski-klasa-6.pdf\" target=\"_blank\" rel=\"noopener\">Klasa VI<\/a> \u00a0\u00a0\u00a0\u00a0\u00a0\u00a0\u00a0\u00a0 <a href=\"https:\/\/spkrauszow.ugnowytarg.pl\/wp-content\/uploads\/2025\/09\/jezyk-angielski-klasa-7.pdf\" target=\"_blank\" rel=\"noopener\">Klasa VII<\/a> \u00a0\u00a0\u00a0\u00a0\u00a0\u00a0\u00a0\u00a0 <a href=\"https:\/\/spkrauszow.ugnowytarg.pl\/wp-content\/uploads\/2025\/09\/jezyk-angielski-klasa-8.pdf\" target=\"_blank\" rel=\"noopener\">Klasa VIII<\/a><\/p>\n<hr \/>\n<ul>\n<li><strong>J\u0119zyk niemiecki<\/strong><\/li>\n<\/ul>\n<p style=\"text-align: center;\"><a href=\"https:\/\/spkrauszow.ugnowytarg.pl\/wp-content\/uploads\/2025\/09\/jezyk-niemiecki-klasa-7.pdf\" target=\"_blank\" rel=\"noopener\">Klasa VII<\/a> \u00a0\u00a0\u00a0\u00a0\u00a0\u00a0\u00a0\u00a0 <a href=\"https:\/\/spkrauszow.ugnowytarg.pl\/wp-content\/uploads\/2025\/09\/jezyk-niemiecki-klasa-8.pdf\" target=\"_blank\" rel=\"noopener\">Klasa VIII<\/a><\/p>\n<hr \/>\n<ul>\n<li><strong>Matematyka<\/strong><\/li>\n<\/ul>\n<p style=\"text-align: center;\"><a href=\"https:\/\/spkrauszow.ugnowytarg.pl\/wp-content\/uploads\/2025\/08\/pzo-matematyka-klasy-4-8.pdf\" target=\"_blank\" rel=\"noopener\">Klasa IV<\/a> \u00a0\u00a0\u00a0\u00a0\u00a0\u00a0\u00a0\u00a0 <a href=\"https:\/\/spkrauszow.ugnowytarg.pl\/wp-content\/uploads\/2025\/08\/pzo-matematyka-klasy-4-8.pdf\" target=\"_blank\" rel=\"noopener\">Klasa V<\/a> \u00a0\u00a0\u00a0\u00a0\u00a0\u00a0\u00a0\u00a0 <a href=\"https:\/\/spkrauszow.ugnowytarg.pl\/wp-content\/uploads\/2025\/08\/pzo-matematyka-klasy-4-8.pdf\" target=\"_blank\" rel=\"noopener\">Klasa VI<\/a> \u00a0\u00a0\u00a0\u00a0\u00a0\u00a0\u00a0\u00a0 <a href=\"https:\/\/spkrauszow.ugnowytarg.pl\/wp-content\/uploads\/2025\/08\/pzo-matematyka-klasy-4-8.pdf\" target=\"_blank\" rel=\"noopener\">Klasa VII<\/a> \u00a0\u00a0\u00a0\u00a0\u00a0\u00a0\u00a0\u00a0 <a href=\"https:\/\/spkrauszow.ugnowytarg.pl\/wp-content\/uploads\/2025\/08\/pzo-matematyka-klasy-4-8.pdf\" target=\"_blank\" rel=\"noopener\">Klasa VIII<\/a><\/p>\n<hr \/>\n<ul>\n<li><strong>Przyroda<\/strong><\/li>\n<\/ul>\n<p style=\"text-align: center;\"><a href=\"https:\/\/spkrauszow.ugnowytarg.pl\/wp-content\/uploads\/2025\/09\/przyroda-klasa-4.pdf\" target=\"_blank\" rel=\"noopener\">Klasa IV<\/a><\/p>\n<hr \/>\n<ul>\n<li><strong>Geografia<\/strong><\/li>\n<\/ul>\n<p style=\"text-align: center;\"><a href=\"https:\/\/spkrauszow.ugnowytarg.pl\/wp-content\/uploads\/2025\/09\/geografia-klasa-5.pdf\" target=\"_blank\" rel=\"noopener\">Klasa V<\/a> \u00a0\u00a0\u00a0\u00a0\u00a0\u00a0\u00a0\u00a0 <a href=\"https:\/\/spkrauszow.ugnowytarg.pl\/wp-content\/uploads\/2025\/09\/geografia-klasa-6.pdf\" target=\"_blank\" rel=\"noopener\">Klasa VI<\/a> \u00a0\u00a0\u00a0\u00a0\u00a0\u00a0\u00a0\u00a0 <a href=\"https:\/\/spkrauszow.ugnowytarg.pl\/wp-content\/uploads\/2025\/09\/geografia-klasa-7.pdf\" target=\"_blank\" rel=\"noopener\">Klasa VII<\/a> \u00a0\u00a0\u00a0\u00a0\u00a0\u00a0\u00a0\u00a0 <a href=\"https:\/\/spkrauszow.ugnowytarg.pl\/wp-content\/uploads\/2025\/09\/geografia-klasa-8.pdf\" target=\"_blank\" rel=\"noopener\">Klasa VIII<\/a><\/p>\n<hr \/>\n<ul>\n<li><strong>Biologia<\/strong><\/li>\n<\/ul>\n<p style=\"text-align: center;\"><a href=\"https:\/\/spkrauszow.ugnowytarg.pl\/wp-content\/uploads\/2025\/09\/biologia-klasa-5.pdf\" target=\"_blank\" rel=\"noopener\">Klasa V<\/a> \u00a0\u00a0\u00a0\u00a0\u00a0\u00a0\u00a0\u00a0 <a href=\"https:\/\/spkrauszow.ugnowytarg.pl\/wp-content\/uploads\/2025\/09\/biologia-klasa-6.pdf\" target=\"_blank\" rel=\"noopener\">Klasa VI<\/a> \u00a0\u00a0\u00a0\u00a0\u00a0\u00a0\u00a0\u00a0 <a href=\"https:\/\/spkrauszow.ugnowytarg.pl\/wp-content\/uploads\/2025\/09\/biologia-klasa-7.pdf\" target=\"_blank\" rel=\"noopener\">Klasa VII<\/a> \u00a0\u00a0\u00a0\u00a0\u00a0\u00a0\u00a0\u00a0 <a href=\"https:\/\/spkrauszow.ugnowytarg.pl\/wp-content\/uploads\/2025\/09\/biologia-klasa-8.pdf\" target=\"_blank\" rel=\"noopener\">Klasa VIII<\/a><\/p>\n<hr \/>\n<ul>\n<li><strong>Fizyka<\/strong><\/li>\n<\/ul>\n<p style=\"text-align: center;\"><a href=\"https:\/\/spkrauszow.ugnowytarg.pl\/wp-content\/uploads\/2025\/09\/fizyka-klasa-7.pdf\" target=\"_blank\" rel=\"noopener\">Klasa VII<\/a> \u00a0\u00a0\u00a0\u00a0\u00a0\u00a0\u00a0\u00a0 <a href=\"https:\/\/spkrauszow.ugnowytarg.pl\/wp-content\/uploads\/2025\/09\/fizyka-klasa-8.pdf\" target=\"_blank\" rel=\"noopener\">Klasa VIII<\/a><\/p>\n<hr \/>\n<ul>\n<li><strong>Chemia<\/strong><\/li>\n<\/ul>\n<p style=\"text-align: center;\"><a href=\"https:\/\/spkrauszow.ugnowytarg.pl\/wp-content\/uploads\/2025\/09\/chemia-klasa-7.pdf\">Klasa VII<\/a> \u00a0\u00a0\u00a0\u00a0\u00a0\u00a0\u00a0\u00a0 <a href=\"https:\/\/spkrauszow.ugnowytarg.pl\/wp-content\/uploads\/2025\/09\/chemia-klasa-8.pdf\">Klasa VIII<\/a><\/p>\n<hr \/>\n<ul>\n<li><strong>Muzyka<\/strong><\/li>\n<\/ul>\n<p style=\"text-align: center;\"><a href=\"https:\/\/spkrauszow.ugnowytarg.pl\/wp-content\/uploads\/2025\/09\/muzyka-klasa-4.pdf\" target=\"_blank\" rel=\"noopener\">Klasa IV<\/a> \u00a0\u00a0\u00a0\u00a0\u00a0\u00a0\u00a0\u00a0 <a href=\"https:\/\/spkrauszow.ugnowytarg.pl\/wp-content\/uploads\/2025\/09\/muzyka-klasa-5.pdf\" target=\"_blank\" rel=\"noopener\">Klasa V<\/a> \u00a0\u00a0\u00a0\u00a0\u00a0\u00a0\u00a0\u00a0 <a href=\"https:\/\/spkrauszow.ugnowytarg.pl\/wp-content\/uploads\/2025\/09\/muzyka-klasa-6.pdf\" target=\"_blank\" rel=\"noopener\">Klasa VI<\/a> \u00a0\u00a0\u00a0\u00a0\u00a0\u00a0\u00a0\u00a0 <a href=\"https:\/\/spkrauszow.ugnowytarg.pl\/wp-content\/uploads\/2025\/09\/muzyka-klasa-7.pdf\" target=\"_blank\" rel=\"noopener\">Klasa VII<\/a><\/p>\n<hr \/>\n<ul>\n<li><strong>Plastyka<\/strong><\/li>\n<\/ul>\n<p style=\"text-align: center;\"><a href=\"https:\/\/spkrauszow.ugnowytarg.pl\/wp-content\/uploads\/2025\/09\/plastyka-klasy-4-7.pdf\" target=\"_blank\" rel=\"noopener\">Klasa IV<\/a> \u00a0\u00a0\u00a0\u00a0\u00a0\u00a0\u00a0\u00a0 <a href=\"https:\/\/spkrauszow.ugnowytarg.pl\/wp-content\/uploads\/2025\/09\/plastyka-klasy-4-7.pdf\" target=\"_blank\" rel=\"noopener\">Klasa V<\/a> \u00a0\u00a0\u00a0\u00a0\u00a0\u00a0\u00a0\u00a0 <a href=\"https:\/\/spkrauszow.ugnowytarg.pl\/wp-content\/uploads\/2025\/09\/plastyka-klasy-4-7.pdf\" target=\"_blank\" rel=\"noopener\">Klasa VI<\/a> \u00a0\u00a0\u00a0\u00a0\u00a0\u00a0\u00a0\u00a0 <a href=\"https:\/\/spkrauszow.ugnowytarg.pl\/wp-content\/uploads\/2025\/09\/plastyka-klasy-4-7.pdf\" target=\"_blank\" rel=\"noopener\">Klasa VII<\/a><\/p>\n<hr \/>\n<ul>\n<li><strong>Informatyka<\/strong><\/li>\n<\/ul>\n<p style=\"text-align: center;\"><a href=\"https:\/\/spkrauszow.ugnowytarg.pl\/wp-content\/uploads\/2025\/08\/pzo-informatyka-klasy-4-8.pdf\" target=\"_blank\" rel=\"noopener\">Klasa IV<\/a> \u00a0\u00a0\u00a0\u00a0\u00a0\u00a0\u00a0\u00a0 <a href=\"https:\/\/spkrauszow.ugnowytarg.pl\/wp-content\/uploads\/2025\/08\/pzo-informatyka-klasy-4-8.pdf\" target=\"_blank\" rel=\"noopener\">Klasa V<\/a> \u00a0\u00a0\u00a0\u00a0\u00a0\u00a0\u00a0\u00a0 <a href=\"https:\/\/spkrauszow.ugnowytarg.pl\/wp-content\/uploads\/2025\/08\/pzo-informatyka-klasy-4-8.pdf\" target=\"_blank\" rel=\"noopener\">Klasa VI<\/a> \u00a0\u00a0\u00a0\u00a0\u00a0\u00a0\u00a0\u00a0 <a href=\"https:\/\/spkrauszow.ugnowytarg.pl\/wp-content\/uploads\/2025\/08\/pzo-informatyka-klasy-4-8.pdf\" target=\"_blank\" rel=\"noopener\">Klasa VII<\/a> \u00a0\u00a0\u00a0\u00a0\u00a0\u00a0\u00a0\u00a0 <a href=\"https:\/\/spkrauszow.ugnowytarg.pl\/wp-content\/uploads\/2025\/08\/pzo-informatyka-klasy-4-8.pdf\" target=\"_blank\" rel=\"noopener\">Klasa VIII<\/a><\/p>\n<hr \/>\n<ul>\n<li><strong>Technika<\/strong><\/li>\n<\/ul>\n<p style=\"text-align: center;\"><a href=\"https:\/\/spkrauszow.ugnowytarg.pl\/wp-content\/uploads\/2025\/09\/technika-klasa-4.pdf\" target=\"_blank\" rel=\"noopener\">Klasa IV<\/a> \u00a0\u00a0\u00a0\u00a0\u00a0\u00a0\u00a0\u00a0<a href=\"https:\/\/spkrauszow.ugnowytarg.pl\/wp-content\/uploads\/2025\/09\/technika-klasa-5.pdf\" target=\"_blank\" rel=\"noopener\"> Klasa V<\/a> \u00a0\u00a0\u00a0\u00a0\u00a0\u00a0\u00a0\u00a0 <a href=\"https:\/\/spkrauszow.ugnowytarg.pl\/wp-content\/uploads\/2025\/09\/technika-klasa-6.pdf\" target=\"_blank\" rel=\"noopener\">Klasa VI<\/a><\/p>\n<hr \/>\n<ul>\n<li><strong>Wychowanie fizyczna<\/strong><\/li>\n<\/ul>\n<p style=\"text-align: center;\"><a href=\"https:\/\/spkrauszow.ugnowytarg.pl\/wp-content\/uploads\/2025\/09\/wzchowanie-fizyczne-klasa-4.pdf\">Klasa IV<\/a> \u00a0\u00a0\u00a0\u00a0\u00a0\u00a0\u00a0\u00a0 <a href=\"https:\/\/spkrauszow.ugnowytarg.pl\/wp-content\/uploads\/2025\/09\/wzchowanie-fizyczne-klasa-5.pdf\">Klasa V<\/a> \u00a0\u00a0\u00a0\u00a0\u00a0\u00a0\u00a0\u00a0 <a href=\"https:\/\/spkrauszow.ugnowytarg.pl\/wp-content\/uploads\/2025\/09\/wzchowanie-fizyczne-klasa-6.pdf\">Klasa VI<\/a> \u00a0\u00a0\u00a0\u00a0\u00a0\u00a0\u00a0\u00a0 <a href=\"https:\/\/spkrauszow.ugnowytarg.pl\/wp-content\/uploads\/2025\/09\/wzchowanie-fizyczne-klasa-7.pdf\">Klasa VII<\/a> \u00a0\u00a0\u00a0\u00a0\u00a0\u00a0\u00a0\u00a0 <a href=\"https:\/\/spkrauszow.ugnowytarg.pl\/wp-content\/uploads\/2025\/09\/wzchowanie-fizyczne-klasa-8.pdf\">Klasa VIII<\/a><\/p>\n<hr \/>\n<ul>\n<li><strong>Widza o spo\u0142ecze\u0144stwie<\/strong><\/li>\n<\/ul>\n<p style=\"text-align: center;\"><a href=\"https:\/\/spkrauszow.ugnowytarg.pl\/wp-content\/uploads\/2025\/09\/WOS-klasa-8.pdf\">Klasa VIII<\/a><\/p>\n<hr \/>\n<ul>\n<li><strong>Edukacja dla bezpiecze\u0144stwa<\/strong><\/li>\n<\/ul>\n<p style=\"text-align: center;\"><a href=\"https:\/\/spkrauszow.ugnowytarg.pl\/wp-content\/uploads\/2024\/09\/EDB-klasa-8.pdf\" target=\"_blank\" rel=\"noopener\">Klasa VIII<\/a><\/p>\n","protected":false},"excerpt":{"rendered":"<p>Warunki i tryb uzyskania wy\u017cszej ni\u017c przewidywana rocznej oceny klasyfikacyjnej: POBIERZ &nbsp; Wymagania edukacyjne z poszczeg\u00f3lnych przedmiot\u00f3w: Edukacja wczesnoszkolna Klasa I\u00a0\u00a0\u00a0\u00a0\u00a0\u00a0\u00a0\u00a0\u00a0 Klasa II\u00a0\u00a0\u00a0\u00a0\u00a0\u00a0\u00a0\u00a0\u00a0 Klasa III Religia Klasa I\u00a0\u00a0\u00a0\u00a0\u00a0\u00a0\u00a0\u00a0\u00a0 Klasa II\u00a0\u00a0\u00a0\u00a0\u00a0\u00a0\u00a0\u00a0\u00a0 Klasa III \u00a0\u00a0\u00a0\u00a0\u00a0\u00a0\u00a0\u00a0 Klasa IV \u00a0\u00a0\u00a0\u00a0\u00a0\u00a0\u00a0\u00a0 Klasa V \u00a0\u00a0\u00a0\u00a0\u00a0\u00a0\u00a0\u00a0 Klasa <a href=\"https:\/\/spkrauszow.ugnowytarg.pl\/index.php\/wymagania-edukacyjne\/\" class=\"read-more\">Czytaj wi\u0119cej &#8230;<\/a><\/p>\n","protected":false},"author":1,"featured_media":0,"parent":0,"menu_order":0,"comment_status":"closed","ping_status":"closed","template":"","meta":[],"yoast_head":"<!-- This site is optimized with the Yoast SEO plugin v20.4 - https:\/\/yoast.com\/wordpress\/plugins\/seo\/ -->\n<title>Wymagania edukacyjne - SP KRAUSZ\u00d3W<\/title>\n<meta name=\"robots\" content=\"index, follow, max-snippet:-1, max-image-preview:large, max-video-preview:-1\" \/>\n<link rel=\"canonical\" href=\"https:\/\/spkrauszow.ugnowytarg.pl\/index.php\/wymagania-edukacyjne\/\" \/>\n<meta property=\"og:locale\" content=\"pl_PL\" \/>\n<meta property=\"og:type\" content=\"article\" \/>\n<meta property=\"og:title\" content=\"Wymagania edukacyjne - SP KRAUSZ\u00d3W\" \/>\n<meta property=\"og:description\" content=\"Warunki i tryb uzyskania wy\u017cszej ni\u017c przewidywana rocznej oceny klasyfikacyjnej: POBIERZ &nbsp; Wymagania edukacyjne z poszczeg\u00f3lnych przedmiot\u00f3w: Edukacja wczesnoszkolna Klasa I\u00a0\u00a0\u00a0\u00a0\u00a0\u00a0\u00a0\u00a0\u00a0 Klasa II\u00a0\u00a0\u00a0\u00a0\u00a0\u00a0\u00a0\u00a0\u00a0 Klasa III Religia Klasa I\u00a0\u00a0\u00a0\u00a0\u00a0\u00a0\u00a0\u00a0\u00a0 Klasa II\u00a0\u00a0\u00a0\u00a0\u00a0\u00a0\u00a0\u00a0\u00a0 Klasa III \u00a0\u00a0\u00a0\u00a0\u00a0\u00a0\u00a0\u00a0 Klasa IV \u00a0\u00a0\u00a0\u00a0\u00a0\u00a0\u00a0\u00a0 Klasa V \u00a0\u00a0\u00a0\u00a0\u00a0\u00a0\u00a0\u00a0 Klasa Czytaj wi\u0119cej ...\" \/>\n<meta property=\"og:url\" content=\"https:\/\/spkrauszow.ugnowytarg.pl\/index.php\/wymagania-edukacyjne\/\" \/>\n<meta property=\"og:site_name\" content=\"SP KRAUSZ\u00d3W\" \/>\n<meta property=\"article:modified_time\" content=\"2025-09-30T16:47:45+00:00\" \/>\n<meta name=\"twitter:card\" content=\"summary_large_image\" \/>\n<meta name=\"twitter:label1\" content=\"Szacowany czas czytania\" \/>\n\t<meta name=\"twitter:data1\" content=\"2 minuty\" \/>\n<script type=\"application\/ld+json\" class=\"yoast-schema-graph\">{\"@context\":\"https:\/\/schema.org\",\"@graph\":[{\"@type\":\"WebPage\",\"@id\":\"https:\/\/spkrauszow.ugnowytarg.pl\/index.php\/wymagania-edukacyjne\/\",\"url\":\"https:\/\/spkrauszow.ugnowytarg.pl\/index.php\/wymagania-edukacyjne\/\",\"name\":\"Wymagania edukacyjne - SP KRAUSZ\u00d3W\",\"isPartOf\":{\"@id\":\"https:\/\/spkrauszow.ugnowytarg.pl\/#website\"},\"datePublished\":\"2021-08-23T16:05:48+00:00\",\"dateModified\":\"2025-09-30T16:47:45+00:00\",\"breadcrumb\":{\"@id\":\"https:\/\/spkrauszow.ugnowytarg.pl\/index.php\/wymagania-edukacyjne\/#breadcrumb\"},\"inLanguage\":\"pl-PL\",\"potentialAction\":[{\"@type\":\"ReadAction\",\"target\":[\"https:\/\/spkrauszow.ugnowytarg.pl\/index.php\/wymagania-edukacyjne\/\"]}]},{\"@type\":\"BreadcrumbList\",\"@id\":\"https:\/\/spkrauszow.ugnowytarg.pl\/index.php\/wymagania-edukacyjne\/#breadcrumb\",\"itemListElement\":[{\"@type\":\"ListItem\",\"position\":1,\"name\":\"Strona g\u0142\u00f3wna\",\"item\":\"https:\/\/spkrauszow.ugnowytarg.pl\/\"},{\"@type\":\"ListItem\",\"position\":2,\"name\":\"Wymagania edukacyjne\"}]},{\"@type\":\"WebSite\",\"@id\":\"https:\/\/spkrauszow.ugnowytarg.pl\/#website\",\"url\":\"https:\/\/spkrauszow.ugnowytarg.pl\/\",\"name\":\"SP KRAUSZ\u00d3W\",\"description\":\"\",\"potentialAction\":[{\"@type\":\"SearchAction\",\"target\":{\"@type\":\"EntryPoint\",\"urlTemplate\":\"https:\/\/spkrauszow.ugnowytarg.pl\/?s={search_term_string}\"},\"query-input\":\"required name=search_term_string\"}],\"inLanguage\":\"pl-PL\"}]}<\/script>\n<!-- \/ Yoast SEO plugin. -->","yoast_head_json":{"title":"Wymagania edukacyjne - SP KRAUSZ\u00d3W","robots":{"index":"index","follow":"follow","max-snippet":"max-snippet:-1","max-image-preview":"max-image-preview:large","max-video-preview":"max-video-preview:-1"},"canonical":"https:\/\/spkrauszow.ugnowytarg.pl\/index.php\/wymagania-edukacyjne\/","og_locale":"pl_PL","og_type":"article","og_title":"Wymagania edukacyjne - SP KRAUSZ\u00d3W","og_description":"Warunki i tryb uzyskania wy\u017cszej ni\u017c przewidywana rocznej oceny klasyfikacyjnej: POBIERZ &nbsp; Wymagania edukacyjne z poszczeg\u00f3lnych przedmiot\u00f3w: Edukacja wczesnoszkolna Klasa I\u00a0\u00a0\u00a0\u00a0\u00a0\u00a0\u00a0\u00a0\u00a0 Klasa II\u00a0\u00a0\u00a0\u00a0\u00a0\u00a0\u00a0\u00a0\u00a0 Klasa III Religia Klasa I\u00a0\u00a0\u00a0\u00a0\u00a0\u00a0\u00a0\u00a0\u00a0 Klasa II\u00a0\u00a0\u00a0\u00a0\u00a0\u00a0\u00a0\u00a0\u00a0 Klasa III \u00a0\u00a0\u00a0\u00a0\u00a0\u00a0\u00a0\u00a0 Klasa IV \u00a0\u00a0\u00a0\u00a0\u00a0\u00a0\u00a0\u00a0 Klasa V \u00a0\u00a0\u00a0\u00a0\u00a0\u00a0\u00a0\u00a0 Klasa Czytaj wi\u0119cej ...","og_url":"https:\/\/spkrauszow.ugnowytarg.pl\/index.php\/wymagania-edukacyjne\/","og_site_name":"SP KRAUSZ\u00d3W","article_modified_time":"2025-09-30T16:47:45+00:00","twitter_card":"summary_large_image","twitter_misc":{"Szacowany czas czytania":"2 minuty"},"schema":{"@context":"https:\/\/schema.org","@graph":[{"@type":"WebPage","@id":"https:\/\/spkrauszow.ugnowytarg.pl\/index.php\/wymagania-edukacyjne\/","url":"https:\/\/spkrauszow.ugnowytarg.pl\/index.php\/wymagania-edukacyjne\/","name":"Wymagania edukacyjne - SP KRAUSZ\u00d3W","isPartOf":{"@id":"https:\/\/spkrauszow.ugnowytarg.pl\/#website"},"datePublished":"2021-08-23T16:05:48+00:00","dateModified":"2025-09-30T16:47:45+00:00","breadcrumb":{"@id":"https:\/\/spkrauszow.ugnowytarg.pl\/index.php\/wymagania-edukacyjne\/#breadcrumb"},"inLanguage":"pl-PL","potentialAction":[{"@type":"ReadAction","target":["https:\/\/spkrauszow.ugnowytarg.pl\/index.php\/wymagania-edukacyjne\/"]}]},{"@type":"BreadcrumbList","@id":"https:\/\/spkrauszow.ugnowytarg.pl\/index.php\/wymagania-edukacyjne\/#breadcrumb","itemListElement":[{"@type":"ListItem","position":1,"name":"Strona g\u0142\u00f3wna","item":"https:\/\/spkrauszow.ugnowytarg.pl\/"},{"@type":"ListItem","position":2,"name":"Wymagania edukacyjne"}]},{"@type":"WebSite","@id":"https:\/\/spkrauszow.ugnowytarg.pl\/#website","url":"https:\/\/spkrauszow.ugnowytarg.pl\/","name":"SP KRAUSZ\u00d3W","description":"","potentialAction":[{"@type":"SearchAction","target":{"@type":"EntryPoint","urlTemplate":"https:\/\/spkrauszow.ugnowytarg.pl\/?s={search_term_string}"},"query-input":"required name=search_term_string"}],"inLanguage":"pl-PL"}]}},"_links":{"self":[{"href":"https:\/\/spkrauszow.ugnowytarg.pl\/index.php\/wp-json\/wp\/v2\/pages\/168"}],"collection":[{"href":"https:\/\/spkrauszow.ugnowytarg.pl\/index.php\/wp-json\/wp\/v2\/pages"}],"about":[{"href":"https:\/\/spkrauszow.ugnowytarg.pl\/index.php\/wp-json\/wp\/v2\/types\/page"}],"author":[{"embeddable":true,"href":"https:\/\/spkrauszow.ugnowytarg.pl\/index.php\/wp-json\/wp\/v2\/users\/1"}],"replies":[{"embeddable":true,"href":"https:\/\/spkrauszow.ugnowytarg.pl\/index.php\/wp-json\/wp\/v2\/comments?post=168"}],"version-history":[{"count":66,"href":"https:\/\/spkrauszow.ugnowytarg.pl\/index.php\/wp-json\/wp\/v2\/pages\/168\/revisions"}],"predecessor-version":[{"id":12813,"href":"https:\/\/spkrauszow.ugnowytarg.pl\/index.php\/wp-json\/wp\/v2\/pages\/168\/revisions\/12813"}],"wp:attachment":[{"href":"https:\/\/spkrauszow.ugnowytarg.pl\/index.php\/wp-json\/wp\/v2\/media?parent=168"}],"curies":[{"name":"wp","href":"https:\/\/api.w.org\/{rel}","templated":true}]}}