{"id":155,"date":"2022-09-14T14:58:56","date_gmt":"2022-09-14T12:58:56","guid":{"rendered":"http:\/\/spkrauszow.ugnowytarg.pl\/?page_id=155"},"modified":"2025-08-28T12:02:45","modified_gmt":"2025-08-28T10:02:45","slug":"dni-wolne-od-zajec-edukacyjnych","status":"publish","type":"page","link":"https:\/\/spkrauszow.ugnowytarg.pl\/index.php\/dni-wolne-od-zajec-edukacyjnych\/","title":{"rendered":"Dni wolne od zaj\u0119\u0107 edukacyjnych"},"content":{"rendered":"<p>Dni wolne od zaj\u0119\u0107 edukacyjnych w roku szkolnym 2025\/2026:<\/p>\n<p>&nbsp;<\/p>\n<p style=\"text-align: center;\"><em><strong>10 listopada 2025 r.<\/strong><\/em><\/p>\n<p style=\"text-align: center;\"><em><strong>2 stycznia 2026 r.<\/strong><\/em><\/p>\n<p style=\"text-align: center;\"><em><strong>5 stycznia 2026 r.<\/strong><\/em><\/p>\n<p style=\"text-align: center;\"><strong><em>11, 12 i 13 maja 2026 r. (egzamin \u00f3smoklasisty)<\/em><\/strong><\/p>\n<p style=\"text-align: center;\"><strong><em>5 czerwca 2026r.<br \/>\n<\/em><\/strong><\/p>\n<p style=\"text-align: center;\"><strong><em>24 czerwca 2026 r.<\/em><\/strong><\/p>\n","protected":false},"excerpt":{"rendered":"<p>Dni wolne od zaj\u0119\u0107 edukacyjnych w roku szkolnym 2025\/2026: &nbsp; 10 listopada 2025 r. 2 stycznia 2026 r. 5 stycznia 2026 r. 11, 12 i 13 maja 2026 r. (egzamin \u00f3smoklasisty) 5 czerwca 2026r. 24 czerwca 2026 r.<\/p>\n","protected":false},"author":1,"featured_media":0,"parent":0,"menu_order":0,"comment_status":"closed","ping_status":"closed","template":"","meta":[],"yoast_head":"<!-- This site is optimized with the Yoast SEO plugin v20.4 - https:\/\/yoast.com\/wordpress\/plugins\/seo\/ -->\n<title>Dni wolne od zaj\u0119\u0107 edukacyjnych - SP KRAUSZ\u00d3W<\/title>\n<meta name=\"robots\" content=\"index, follow, max-snippet:-1, max-image-preview:large, max-video-preview:-1\" \/>\n<link rel=\"canonical\" href=\"https:\/\/spkrauszow.ugnowytarg.pl\/index.php\/dni-wolne-od-zajec-edukacyjnych\/\" \/>\n<meta property=\"og:locale\" content=\"pl_PL\" \/>\n<meta property=\"og:type\" content=\"article\" \/>\n<meta property=\"og:title\" content=\"Dni wolne od zaj\u0119\u0107 edukacyjnych - SP KRAUSZ\u00d3W\" \/>\n<meta property=\"og:description\" content=\"Dni wolne od zaj\u0119\u0107 edukacyjnych w roku szkolnym 2025\/2026: &nbsp; 10 listopada 2025 r. 2 stycznia 2026 r. 5 stycznia 2026 r. 11, 12 i 13 maja 2026 r. (egzamin \u00f3smoklasisty) 5 czerwca 2026r. 24 czerwca 2026 r.\" \/>\n<meta property=\"og:url\" content=\"https:\/\/spkrauszow.ugnowytarg.pl\/index.php\/dni-wolne-od-zajec-edukacyjnych\/\" \/>\n<meta property=\"og:site_name\" content=\"SP KRAUSZ\u00d3W\" \/>\n<meta property=\"article:modified_time\" content=\"2025-08-28T10:02:45+00:00\" \/>\n<meta name=\"twitter:card\" content=\"summary_large_image\" \/>\n<meta name=\"twitter:label1\" content=\"Szacowany czas czytania\" \/>\n\t<meta name=\"twitter:data1\" content=\"1 minuta\" \/>\n<script type=\"application\/ld+json\" class=\"yoast-schema-graph\">{\"@context\":\"https:\/\/schema.org\",\"@graph\":[{\"@type\":\"WebPage\",\"@id\":\"https:\/\/spkrauszow.ugnowytarg.pl\/index.php\/dni-wolne-od-zajec-edukacyjnych\/\",\"url\":\"https:\/\/spkrauszow.ugnowytarg.pl\/index.php\/dni-wolne-od-zajec-edukacyjnych\/\",\"name\":\"Dni wolne od zaj\u0119\u0107 edukacyjnych - SP KRAUSZ\u00d3W\",\"isPartOf\":{\"@id\":\"https:\/\/spkrauszow.ugnowytarg.pl\/#website\"},\"datePublished\":\"2022-09-14T12:58:56+00:00\",\"dateModified\":\"2025-08-28T10:02:45+00:00\",\"breadcrumb\":{\"@id\":\"https:\/\/spkrauszow.ugnowytarg.pl\/index.php\/dni-wolne-od-zajec-edukacyjnych\/#breadcrumb\"},\"inLanguage\":\"pl-PL\",\"potentialAction\":[{\"@type\":\"ReadAction\",\"target\":[\"https:\/\/spkrauszow.ugnowytarg.pl\/index.php\/dni-wolne-od-zajec-edukacyjnych\/\"]}]},{\"@type\":\"BreadcrumbList\",\"@id\":\"https:\/\/spkrauszow.ugnowytarg.pl\/index.php\/dni-wolne-od-zajec-edukacyjnych\/#breadcrumb\",\"itemListElement\":[{\"@type\":\"ListItem\",\"position\":1,\"name\":\"Strona g\u0142\u00f3wna\",\"item\":\"https:\/\/spkrauszow.ugnowytarg.pl\/\"},{\"@type\":\"ListItem\",\"position\":2,\"name\":\"Dni wolne od zaj\u0119\u0107 edukacyjnych\"}]},{\"@type\":\"WebSite\",\"@id\":\"https:\/\/spkrauszow.ugnowytarg.pl\/#website\",\"url\":\"https:\/\/spkrauszow.ugnowytarg.pl\/\",\"name\":\"SP KRAUSZ\u00d3W\",\"description\":\"\",\"potentialAction\":[{\"@type\":\"SearchAction\",\"target\":{\"@type\":\"EntryPoint\",\"urlTemplate\":\"https:\/\/spkrauszow.ugnowytarg.pl\/?s={search_term_string}\"},\"query-input\":\"required name=search_term_string\"}],\"inLanguage\":\"pl-PL\"}]}<\/script>\n<!-- \/ Yoast SEO plugin. -->","yoast_head_json":{"title":"Dni wolne od zaj\u0119\u0107 edukacyjnych - SP KRAUSZ\u00d3W","robots":{"index":"index","follow":"follow","max-snippet":"max-snippet:-1","max-image-preview":"max-image-preview:large","max-video-preview":"max-video-preview:-1"},"canonical":"https:\/\/spkrauszow.ugnowytarg.pl\/index.php\/dni-wolne-od-zajec-edukacyjnych\/","og_locale":"pl_PL","og_type":"article","og_title":"Dni wolne od zaj\u0119\u0107 edukacyjnych - SP KRAUSZ\u00d3W","og_description":"Dni wolne od zaj\u0119\u0107 edukacyjnych w roku szkolnym 2025\/2026: &nbsp; 10 listopada 2025 r. 2 stycznia 2026 r. 5 stycznia 2026 r. 11, 12 i 13 maja 2026 r. (egzamin \u00f3smoklasisty) 5 czerwca 2026r. 24 czerwca 2026 r.","og_url":"https:\/\/spkrauszow.ugnowytarg.pl\/index.php\/dni-wolne-od-zajec-edukacyjnych\/","og_site_name":"SP KRAUSZ\u00d3W","article_modified_time":"2025-08-28T10:02:45+00:00","twitter_card":"summary_large_image","twitter_misc":{"Szacowany czas czytania":"1 minuta"},"schema":{"@context":"https:\/\/schema.org","@graph":[{"@type":"WebPage","@id":"https:\/\/spkrauszow.ugnowytarg.pl\/index.php\/dni-wolne-od-zajec-edukacyjnych\/","url":"https:\/\/spkrauszow.ugnowytarg.pl\/index.php\/dni-wolne-od-zajec-edukacyjnych\/","name":"Dni wolne od zaj\u0119\u0107 edukacyjnych - SP KRAUSZ\u00d3W","isPartOf":{"@id":"https:\/\/spkrauszow.ugnowytarg.pl\/#website"},"datePublished":"2022-09-14T12:58:56+00:00","dateModified":"2025-08-28T10:02:45+00:00","breadcrumb":{"@id":"https:\/\/spkrauszow.ugnowytarg.pl\/index.php\/dni-wolne-od-zajec-edukacyjnych\/#breadcrumb"},"inLanguage":"pl-PL","potentialAction":[{"@type":"ReadAction","target":["https:\/\/spkrauszow.ugnowytarg.pl\/index.php\/dni-wolne-od-zajec-edukacyjnych\/"]}]},{"@type":"BreadcrumbList","@id":"https:\/\/spkrauszow.ugnowytarg.pl\/index.php\/dni-wolne-od-zajec-edukacyjnych\/#breadcrumb","itemListElement":[{"@type":"ListItem","position":1,"name":"Strona g\u0142\u00f3wna","item":"https:\/\/spkrauszow.ugnowytarg.pl\/"},{"@type":"ListItem","position":2,"name":"Dni wolne od zaj\u0119\u0107 edukacyjnych"}]},{"@type":"WebSite","@id":"https:\/\/spkrauszow.ugnowytarg.pl\/#website","url":"https:\/\/spkrauszow.ugnowytarg.pl\/","name":"SP KRAUSZ\u00d3W","description":"","potentialAction":[{"@type":"SearchAction","target":{"@type":"EntryPoint","urlTemplate":"https:\/\/spkrauszow.ugnowytarg.pl\/?s={search_term_string}"},"query-input":"required name=search_term_string"}],"inLanguage":"pl-PL"}]}},"_links":{"self":[{"href":"https:\/\/spkrauszow.ugnowytarg.pl\/index.php\/wp-json\/wp\/v2\/pages\/155"}],"collection":[{"href":"https:\/\/spkrauszow.ugnowytarg.pl\/index.php\/wp-json\/wp\/v2\/pages"}],"about":[{"href":"https:\/\/spkrauszow.ugnowytarg.pl\/index.php\/wp-json\/wp\/v2\/types\/page"}],"author":[{"embeddable":true,"href":"https:\/\/spkrauszow.ugnowytarg.pl\/index.php\/wp-json\/wp\/v2\/users\/1"}],"replies":[{"embeddable":true,"href":"https:\/\/spkrauszow.ugnowytarg.pl\/index.php\/wp-json\/wp\/v2\/comments?post=155"}],"version-history":[{"count":8,"href":"https:\/\/spkrauszow.ugnowytarg.pl\/index.php\/wp-json\/wp\/v2\/pages\/155\/revisions"}],"predecessor-version":[{"id":662,"href":"https:\/\/spkrauszow.ugnowytarg.pl\/index.php\/wp-json\/wp\/v2\/pages\/155\/revisions\/662"}],"wp:attachment":[{"href":"https:\/\/spkrauszow.ugnowytarg.pl\/index.php\/wp-json\/wp\/v2\/media?parent=155"}],"curies":[{"name":"wp","href":"https:\/\/api.w.org\/{rel}","templated":true}]}}