{"id":133,"date":"2021-08-23T17:48:40","date_gmt":"2021-08-23T15:48:40","guid":{"rendered":"http:\/\/spkrauszow.ugnowytarg.pl\/?page_id=133"},"modified":"2026-02-20T16:34:23","modified_gmt":"2026-02-20T15:34:23","slug":"rekrutacja","status":"publish","type":"page","link":"https:\/\/spkrauszow.ugnowytarg.pl\/index.php\/rekrutacja\/","title":{"rendered":"Rekrutacja"},"content":{"rendered":"<h1 style=\"text-align: center;\"><strong>Rekrutacja na rok szkolny 2026\/2027<\/strong><\/h1>\n<p>&nbsp;<\/p>\n<ul>\n<li><a href=\"http:\/\/spkrauszow.ugnowytarg.pl\/wp-content\/uploads\/2026\/02\/Zarzadzenie-Wojta-Gminy-Nowy-Targ-0050.20.2026.pdf\" target=\"_blank\" rel=\"noopener\"><span style=\"font-size: 14pt;\"><span style=\"font-size: 12pt;\">Zarz\u0105dzenie W\u00f3jta Gminy Nowy Targ w sprawie termin\u00f3w rekrutacji do oddzia\u0142u przedszkolnego i klas pierwszych<\/span><\/span><\/a><\/li>\n<li><a href=\"http:\/\/spkrauszow.ugnowytarg.pl\/wp-content\/uploads\/2026\/02\/Uchwala-Rady-Gminy-Nowy-TargNR-XXII-215-2017-kryteria-rekrutacja-przedszkole-.pdf\" target=\"_blank\" rel=\"noopener\">Uchwa\u0142a Rady Gminy Nowy Targ w sprawie rekrutacji do przedszkoli<\/a><\/li>\n<li><a href=\"http:\/\/spkrauszow.ugnowytarg.pl\/wp-content\/uploads\/2026\/02\/Uchwala-Rady-Gminy-Nowy-Targ-NR-XXII-216-2017-kryteria-rekrutacja-klasa-1.pdf\" target=\"_blank\" rel=\"noopener\">Uchwa\u0142a Rady Gminy Nowy Targ w sprawie rekrutacji do szko\u0142y podstawowej<\/a><\/li>\n<\/ul>\n<p>&nbsp;<\/p>\n<h3 style=\"text-align: center;\"><strong>Oddzia\u0142 przedszkolny<\/strong><\/h3>\n<ul>\n<li><a href=\"http:\/\/spkrauszow.ugnowytarg.pl\/wp-content\/uploads\/2026\/02\/Rekrutacja-do-oddzialu-przedszkolnego-informacje-ogolne-2026.pdf\" target=\"_blank\" rel=\"noopener\">Rekrutacja do oddzia\u0142u przedszkolnego &#8211; terminy post\u0119powania rekrutacyjnego i uzupe\u0142niaj\u0105cego<\/a><\/li>\n<li><a href=\"http:\/\/spkrauszow.ugnowytarg.pl\/wp-content\/uploads\/2026\/02\/wniosek_o_przyjecie_do_przedszkola_publicznego-2026.pdf\" target=\"_blank\" rel=\"noopener\">Wniosek o przyj\u0119cie do oddzia\u0142u przedszkolnego<\/a><\/li>\n<li><a href=\"http:\/\/spkrauszow.ugnowytarg.pl\/wp-content\/uploads\/2026\/02\/Oswiadczenie-rodzica-OP.pdf\" target=\"_blank\" rel=\"noopener\">Potwierdzenie woli przyj\u0119cia do oddzia\u0142u przedszkolnego<\/a><\/li>\n<li><a href=\"http:\/\/spkrauszow.ugnowytarg.pl\/wp-content\/uploads\/2026\/02\/zalacznik-ne-1-wielodzietnosc-przedszkole-2026.pdf\" target=\"_blank\" rel=\"noopener\">O\u015bwiadczenie o wielodzietno\u015bci rodziny kandydata do oddzia\u0142u przedszkolnego<\/a><\/li>\n<li><a href=\"http:\/\/spkrauszow.ugnowytarg.pl\/wp-content\/uploads\/2026\/02\/Zalacznik-nr-2-samotne-wychowywanie-2026-przedszkole.pdf\" target=\"_blank\" rel=\"noopener\">O\u015bwiadczenie o samotnym wychowywaniu dziecka oraz niewychowywaniu \u017cadnego dziecka wsp\u00f3lnie z jego rodzicem<\/a><\/li>\n<\/ul>\n<p>&nbsp;<\/p>\n<h3 style=\"text-align: center;\"><strong>Klasa 1<\/strong><\/h3>\n<ul>\n<li><a href=\"http:\/\/spkrauszow.ugnowytarg.pl\/wp-content\/uploads\/2026\/02\/rekrutacja-kl-1-informacje-ogolne-2026.pdf\" target=\"_blank\" rel=\"noopener\">Rekrutacja do klasy 1 &#8211; terminy post\u0119powania rekrutacyjnego i uzupe\u0142niaj\u0105cego<\/a><\/li>\n<li><a href=\"http:\/\/spkrauszow.ugnowytarg.pl\/wp-content\/uploads\/2026\/02\/Wniosek-o-przyjecie-do-klasy-I-2025.pdf\" target=\"_blank\" rel=\"noopener\">Wniosek o przyj\u0119cie do klasy pierwszej<\/a><\/li>\n<li><a href=\"http:\/\/spkrauszow.ugnowytarg.pl\/wp-content\/uploads\/2026\/02\/zgloszenie_dziecka_do_klasy_pierwszej__rekrutacja_2026-2027.pdf\" target=\"_blank\" rel=\"noopener\">Zg\u0142oszenie dziecka do klasy pierwszej<\/a><\/li>\n<li><a href=\"http:\/\/spkrauszow.ugnowytarg.pl\/wp-content\/uploads\/2026\/02\/Oswiadczenie-rodzica-kl.-1-deklaracja-2026.pdf\" target=\"_blank\" rel=\"noopener\">Potwierdzenie woli przyj\u0119cia do klasy pierwszej<\/a><\/li>\n<\/ul>\n<p>&nbsp;<\/p>\n","protected":false},"excerpt":{"rendered":"<p>Rekrutacja na rok szkolny 2026\/2027 &nbsp; Zarz\u0105dzenie W\u00f3jta Gminy Nowy Targ w sprawie termin\u00f3w rekrutacji do oddzia\u0142u przedszkolnego i klas pierwszych Uchwa\u0142a Rady Gminy Nowy Targ w sprawie rekrutacji do przedszkoli Uchwa\u0142a Rady Gminy Nowy Targ w sprawie rekrutacji do <a href=\"https:\/\/spkrauszow.ugnowytarg.pl\/index.php\/rekrutacja\/\" class=\"read-more\">Czytaj wi\u0119cej &#8230;<\/a><\/p>\n","protected":false},"author":1,"featured_media":0,"parent":0,"menu_order":0,"comment_status":"closed","ping_status":"closed","template":"","meta":[],"yoast_head":"<!-- This site is optimized with the Yoast SEO plugin v20.4 - https:\/\/yoast.com\/wordpress\/plugins\/seo\/ -->\n<title>Rekrutacja - SP KRAUSZ\u00d3W<\/title>\n<meta name=\"robots\" content=\"index, follow, max-snippet:-1, max-image-preview:large, max-video-preview:-1\" \/>\n<link rel=\"canonical\" href=\"https:\/\/spkrauszow.ugnowytarg.pl\/index.php\/rekrutacja\/\" \/>\n<meta property=\"og:locale\" content=\"pl_PL\" \/>\n<meta property=\"og:type\" content=\"article\" \/>\n<meta property=\"og:title\" content=\"Rekrutacja - SP KRAUSZ\u00d3W\" \/>\n<meta property=\"og:description\" content=\"Rekrutacja na rok szkolny 2026\/2027 &nbsp; Zarz\u0105dzenie W\u00f3jta Gminy Nowy Targ w sprawie termin\u00f3w rekrutacji do oddzia\u0142u przedszkolnego i klas pierwszych Uchwa\u0142a Rady Gminy Nowy Targ w sprawie rekrutacji do przedszkoli Uchwa\u0142a Rady Gminy Nowy Targ w sprawie rekrutacji do Czytaj wi\u0119cej ...\" \/>\n<meta property=\"og:url\" content=\"https:\/\/spkrauszow.ugnowytarg.pl\/index.php\/rekrutacja\/\" \/>\n<meta property=\"og:site_name\" content=\"SP KRAUSZ\u00d3W\" \/>\n<meta property=\"article:modified_time\" content=\"2026-02-20T15:34:23+00:00\" \/>\n<meta name=\"twitter:card\" content=\"summary_large_image\" \/>\n<meta name=\"twitter:label1\" content=\"Szacowany czas czytania\" \/>\n\t<meta name=\"twitter:data1\" content=\"1 minuta\" \/>\n<script type=\"application\/ld+json\" class=\"yoast-schema-graph\">{\"@context\":\"https:\/\/schema.org\",\"@graph\":[{\"@type\":\"WebPage\",\"@id\":\"https:\/\/spkrauszow.ugnowytarg.pl\/index.php\/rekrutacja\/\",\"url\":\"https:\/\/spkrauszow.ugnowytarg.pl\/index.php\/rekrutacja\/\",\"name\":\"Rekrutacja - SP KRAUSZ\u00d3W\",\"isPartOf\":{\"@id\":\"https:\/\/spkrauszow.ugnowytarg.pl\/#website\"},\"datePublished\":\"2021-08-23T15:48:40+00:00\",\"dateModified\":\"2026-02-20T15:34:23+00:00\",\"breadcrumb\":{\"@id\":\"https:\/\/spkrauszow.ugnowytarg.pl\/index.php\/rekrutacja\/#breadcrumb\"},\"inLanguage\":\"pl-PL\",\"potentialAction\":[{\"@type\":\"ReadAction\",\"target\":[\"https:\/\/spkrauszow.ugnowytarg.pl\/index.php\/rekrutacja\/\"]}]},{\"@type\":\"BreadcrumbList\",\"@id\":\"https:\/\/spkrauszow.ugnowytarg.pl\/index.php\/rekrutacja\/#breadcrumb\",\"itemListElement\":[{\"@type\":\"ListItem\",\"position\":1,\"name\":\"Strona g\u0142\u00f3wna\",\"item\":\"https:\/\/spkrauszow.ugnowytarg.pl\/\"},{\"@type\":\"ListItem\",\"position\":2,\"name\":\"Rekrutacja\"}]},{\"@type\":\"WebSite\",\"@id\":\"https:\/\/spkrauszow.ugnowytarg.pl\/#website\",\"url\":\"https:\/\/spkrauszow.ugnowytarg.pl\/\",\"name\":\"SP KRAUSZ\u00d3W\",\"description\":\"\",\"potentialAction\":[{\"@type\":\"SearchAction\",\"target\":{\"@type\":\"EntryPoint\",\"urlTemplate\":\"https:\/\/spkrauszow.ugnowytarg.pl\/?s={search_term_string}\"},\"query-input\":\"required name=search_term_string\"}],\"inLanguage\":\"pl-PL\"}]}<\/script>\n<!-- \/ Yoast SEO plugin. -->","yoast_head_json":{"title":"Rekrutacja - SP KRAUSZ\u00d3W","robots":{"index":"index","follow":"follow","max-snippet":"max-snippet:-1","max-image-preview":"max-image-preview:large","max-video-preview":"max-video-preview:-1"},"canonical":"https:\/\/spkrauszow.ugnowytarg.pl\/index.php\/rekrutacja\/","og_locale":"pl_PL","og_type":"article","og_title":"Rekrutacja - SP KRAUSZ\u00d3W","og_description":"Rekrutacja na rok szkolny 2026\/2027 &nbsp; Zarz\u0105dzenie W\u00f3jta Gminy Nowy Targ w sprawie termin\u00f3w rekrutacji do oddzia\u0142u przedszkolnego i klas pierwszych Uchwa\u0142a Rady Gminy Nowy Targ w sprawie rekrutacji do przedszkoli Uchwa\u0142a Rady Gminy Nowy Targ w sprawie rekrutacji do Czytaj wi\u0119cej ...","og_url":"https:\/\/spkrauszow.ugnowytarg.pl\/index.php\/rekrutacja\/","og_site_name":"SP KRAUSZ\u00d3W","article_modified_time":"2026-02-20T15:34:23+00:00","twitter_card":"summary_large_image","twitter_misc":{"Szacowany czas czytania":"1 minuta"},"schema":{"@context":"https:\/\/schema.org","@graph":[{"@type":"WebPage","@id":"https:\/\/spkrauszow.ugnowytarg.pl\/index.php\/rekrutacja\/","url":"https:\/\/spkrauszow.ugnowytarg.pl\/index.php\/rekrutacja\/","name":"Rekrutacja - SP KRAUSZ\u00d3W","isPartOf":{"@id":"https:\/\/spkrauszow.ugnowytarg.pl\/#website"},"datePublished":"2021-08-23T15:48:40+00:00","dateModified":"2026-02-20T15:34:23+00:00","breadcrumb":{"@id":"https:\/\/spkrauszow.ugnowytarg.pl\/index.php\/rekrutacja\/#breadcrumb"},"inLanguage":"pl-PL","potentialAction":[{"@type":"ReadAction","target":["https:\/\/spkrauszow.ugnowytarg.pl\/index.php\/rekrutacja\/"]}]},{"@type":"BreadcrumbList","@id":"https:\/\/spkrauszow.ugnowytarg.pl\/index.php\/rekrutacja\/#breadcrumb","itemListElement":[{"@type":"ListItem","position":1,"name":"Strona g\u0142\u00f3wna","item":"https:\/\/spkrauszow.ugnowytarg.pl\/"},{"@type":"ListItem","position":2,"name":"Rekrutacja"}]},{"@type":"WebSite","@id":"https:\/\/spkrauszow.ugnowytarg.pl\/#website","url":"https:\/\/spkrauszow.ugnowytarg.pl\/","name":"SP KRAUSZ\u00d3W","description":"","potentialAction":[{"@type":"SearchAction","target":{"@type":"EntryPoint","urlTemplate":"https:\/\/spkrauszow.ugnowytarg.pl\/?s={search_term_string}"},"query-input":"required name=search_term_string"}],"inLanguage":"pl-PL"}]}},"_links":{"self":[{"href":"https:\/\/spkrauszow.ugnowytarg.pl\/index.php\/wp-json\/wp\/v2\/pages\/133"}],"collection":[{"href":"https:\/\/spkrauszow.ugnowytarg.pl\/index.php\/wp-json\/wp\/v2\/pages"}],"about":[{"href":"https:\/\/spkrauszow.ugnowytarg.pl\/index.php\/wp-json\/wp\/v2\/types\/page"}],"author":[{"embeddable":true,"href":"https:\/\/spkrauszow.ugnowytarg.pl\/index.php\/wp-json\/wp\/v2\/users\/1"}],"replies":[{"embeddable":true,"href":"https:\/\/spkrauszow.ugnowytarg.pl\/index.php\/wp-json\/wp\/v2\/comments?post=133"}],"version-history":[{"count":30,"href":"https:\/\/spkrauszow.ugnowytarg.pl\/index.php\/wp-json\/wp\/v2\/pages\/133\/revisions"}],"predecessor-version":[{"id":14350,"href":"https:\/\/spkrauszow.ugnowytarg.pl\/index.php\/wp-json\/wp\/v2\/pages\/133\/revisions\/14350"}],"wp:attachment":[{"href":"https:\/\/spkrauszow.ugnowytarg.pl\/index.php\/wp-json\/wp\/v2\/media?parent=133"}],"curies":[{"name":"wp","href":"https:\/\/api.w.org\/{rel}","templated":true}]}}